{"id":4920,"date":"2021-07-28T11:56:42","date_gmt":"2021-07-28T04:56:42","guid":{"rendered":"https:\/\/34.87.99.63\/?post_type=product&#038;p=4920"},"modified":"2021-10-08T16:26:07","modified_gmt":"2021-10-08T09:26:07","slug":"veggie-8","status":"publish","type":"product","link":"https:\/\/jimmys.vn\/vi\/san-pham\/veggie-8\/","title":{"rendered":"Veggie (Frozen)"},"content":{"rendered":"<p style=\"text-align: center;\">Bao g\u1ed3m \u1edbt chu\u00f4ng xanh, h\u00e0nh t\u00e2y t\u00edm, n\u1ea5m v\u00e0 \u00f4 liu \u0111en\/<\/p>","protected":false},"excerpt":{"rendered":"<p style=\"text-align: center;\">Bao g\u1ed3m \u1edbt chu\u00f4ng xanh, h\u00e0nh t\u00e2y t\u00edm, n\u1ea5m v\u00e0 \u00f4 liu \u0111en\/<\/p>","protected":false},"featured_media":6226,"comment_status":"open","ping_status":"closed","template":"","meta":{"wds_primary_product_cat":0},"product_cat":[69],"product_tag":[],"class_list":{"0":"post-4920","1":"product","2":"type-product","3":"status-publish","4":"has-post-thumbnail","6":"product_cat-frozen","8":"first","9":"instock","10":"taxable","11":"shipping-taxable","12":"purchasable","13":"product-type-simple"},"_links":{"self":[{"href":"https:\/\/jimmys.vn\/vi\/wp-json\/wp\/v2\/product\/4920"}],"collection":[{"href":"https:\/\/jimmys.vn\/vi\/wp-json\/wp\/v2\/product"}],"about":[{"href":"https:\/\/jimmys.vn\/vi\/wp-json\/wp\/v2\/types\/product"}],"replies":[{"embeddable":true,"href":"https:\/\/jimmys.vn\/vi\/wp-json\/wp\/v2\/comments?post=4920"}],"version-history":[{"count":1,"href":"https:\/\/jimmys.vn\/vi\/wp-json\/wp\/v2\/product\/4920\/revisions"}],"predecessor-version":[{"id":6669,"href":"https:\/\/jimmys.vn\/vi\/wp-json\/wp\/v2\/product\/4920\/revisions\/6669"}],"wp:featuredmedia":[{"embeddable":true,"href":"https:\/\/jimmys.vn\/vi\/wp-json\/wp\/v2\/media\/6226"}],"wp:attachment":[{"href":"https:\/\/jimmys.vn\/vi\/wp-json\/wp\/v2\/media?parent=4920"}],"wp:term":[{"taxonomy":"product_cat","embeddable":true,"href":"https:\/\/jimmys.vn\/vi\/wp-json\/wp\/v2\/product_cat?post=4920"},{"taxonomy":"product_tag","embeddable":true,"href":"https:\/\/jimmys.vn\/vi\/wp-json\/wp\/v2\/product_tag?post=4920"}],"curies":[{"name":"wp","href":"https:\/\/api.w.org\/{rel}","templated":true}]}}