{"id":4915,"date":"2021-07-28T11:53:30","date_gmt":"2021-07-28T04:53:30","guid":{"rendered":"https:\/\/34.87.99.63\/?post_type=product&#038;p=4915"},"modified":"2021-10-08T16:31:01","modified_gmt":"2021-10-08T09:31:01","slug":"pepperoni-and-sausage-pizza-8","status":"publish","type":"product","link":"https:\/\/jimmys.vn\/vi\/san-pham\/pepperoni-and-sausage-pizza-8\/","title":{"rendered":"Pepperoni &#038; Sausage (Frozen)"},"content":{"rendered":"<p style=\"text-align: center;\">S\u1ef1 k\u1ebft h\u1ee3p \u0111\u1ed9c \u0111\u00e1o tuy\u1ec7t v\u1eddi gi\u1eefa v\u1ecb x\u00f4ng kh\u00f3i v\u00e0 v\u1ecb cay<\/p>","protected":false},"excerpt":{"rendered":"<p style=\"text-align: center;\">S\u1ef1 k\u1ebft h\u1ee3p \u0111\u1ed9c \u0111\u00e1o tuy\u1ec7t v\u1eddi gi\u1eefa v\u1ecb x\u00f4ng kh\u00f3i v\u00e0 v\u1ecb cay<\/p>","protected":false},"featured_media":6231,"comment_status":"open","ping_status":"closed","template":"","meta":{"wds_primary_product_cat":0},"product_cat":[69],"product_tag":[],"class_list":{"0":"post-4915","1":"product","2":"type-product","3":"status-publish","4":"has-post-thumbnail","6":"product_cat-frozen","8":"first","9":"instock","10":"taxable","11":"shipping-taxable","12":"purchasable","13":"product-type-simple"},"_links":{"self":[{"href":"https:\/\/jimmys.vn\/vi\/wp-json\/wp\/v2\/product\/4915"}],"collection":[{"href":"https:\/\/jimmys.vn\/vi\/wp-json\/wp\/v2\/product"}],"about":[{"href":"https:\/\/jimmys.vn\/vi\/wp-json\/wp\/v2\/types\/product"}],"replies":[{"embeddable":true,"href":"https:\/\/jimmys.vn\/vi\/wp-json\/wp\/v2\/comments?post=4915"}],"version-history":[{"count":0,"href":"https:\/\/jimmys.vn\/vi\/wp-json\/wp\/v2\/product\/4915\/revisions"}],"wp:featuredmedia":[{"embeddable":true,"href":"https:\/\/jimmys.vn\/vi\/wp-json\/wp\/v2\/media\/6231"}],"wp:attachment":[{"href":"https:\/\/jimmys.vn\/vi\/wp-json\/wp\/v2\/media?parent=4915"}],"wp:term":[{"taxonomy":"product_cat","embeddable":true,"href":"https:\/\/jimmys.vn\/vi\/wp-json\/wp\/v2\/product_cat?post=4915"},{"taxonomy":"product_tag","embeddable":true,"href":"https:\/\/jimmys.vn\/vi\/wp-json\/wp\/v2\/product_tag?post=4915"}],"curies":[{"name":"wp","href":"https:\/\/api.w.org\/{rel}","templated":true}]}}