{"id":4536,"date":"2021-06-29T11:56:37","date_gmt":"2021-06-29T04:56:37","guid":{"rendered":"https:\/\/34.87.99.63\/?post_type=product&#038;p=4536"},"modified":"2024-02-07T23:37:10","modified_gmt":"2024-02-07T16:37:10","slug":"fried-mozzarella-sticks","status":"publish","type":"product","link":"https:\/\/jimmys.vn\/vi\/san-pham\/fried-mozzarella-sticks\/","title":{"rendered":"Ph\u00f4 Mai Que"},"content":{"rendered":"<p style=\"text-align: center;\">\u0110\u01b0\u1ee3c l\u00e0m b\u1eb1ng lo\u1ea1i ph\u00f4 mai mozzarella ngon nh\u1eadp kh\u1ea9u gi\u1ed1ng nh\u01b0 b\u00e1nh pizza c\u1ee7a ch\u00fang t\u00f4i. D\u00f9ng k\u00e8m v\u1edbi s\u1ed1t c\u00e0 chua \u0111\u1ec3 ch\u1ea5m.<\/p>","protected":false},"excerpt":{"rendered":"<p style=\"text-align: center;\">\u0110\u01b0\u1ee3c l\u00e0m b\u1eb1ng lo\u1ea1i ph\u00f4 mai mozzarella ngon nh\u1eadp kh\u1ea9u gi\u1ed1ng nh\u01b0 b\u00e1nh pizza c\u1ee7a ch\u00fang t\u00f4i. D\u00f9ng k\u00e8m v\u1edbi s\u1ed1t c\u00e0 chua \u0111\u1ec3 ch\u1ea5m.<\/p>","protected":false},"featured_media":8439,"comment_status":"closed","ping_status":"closed","template":"","meta":{"wds_primary_product_cat":0},"product_cat":[35],"product_tag":[],"class_list":{"0":"post-4536","1":"product","2":"type-product","3":"status-publish","4":"has-post-thumbnail","6":"product_cat-sides","8":"first","9":"instock","10":"taxable","11":"shipping-taxable","12":"purchasable","13":"product-type-simple"},"_links":{"self":[{"href":"https:\/\/jimmys.vn\/vi\/wp-json\/wp\/v2\/product\/4536"}],"collection":[{"href":"https:\/\/jimmys.vn\/vi\/wp-json\/wp\/v2\/product"}],"about":[{"href":"https:\/\/jimmys.vn\/vi\/wp-json\/wp\/v2\/types\/product"}],"replies":[{"embeddable":true,"href":"https:\/\/jimmys.vn\/vi\/wp-json\/wp\/v2\/comments?post=4536"}],"version-history":[{"count":2,"href":"https:\/\/jimmys.vn\/vi\/wp-json\/wp\/v2\/product\/4536\/revisions"}],"predecessor-version":[{"id":8440,"href":"https:\/\/jimmys.vn\/vi\/wp-json\/wp\/v2\/product\/4536\/revisions\/8440"}],"wp:featuredmedia":[{"embeddable":true,"href":"https:\/\/jimmys.vn\/vi\/wp-json\/wp\/v2\/media\/8439"}],"wp:attachment":[{"href":"https:\/\/jimmys.vn\/vi\/wp-json\/wp\/v2\/media?parent=4536"}],"wp:term":[{"taxonomy":"product_cat","embeddable":true,"href":"https:\/\/jimmys.vn\/vi\/wp-json\/wp\/v2\/product_cat?post=4536"},{"taxonomy":"product_tag","embeddable":true,"href":"https:\/\/jimmys.vn\/vi\/wp-json\/wp\/v2\/product_tag?post=4536"}],"curies":[{"name":"wp","href":"https:\/\/api.w.org\/{rel}","templated":true}]}}